{"id":874,"date":"2013-08-11T19:22:53","date_gmt":"2013-08-11T23:22:53","guid":{"rendered":"https:\/\/safiaderma.com\/?page_id=874"},"modified":"2022-11-30T13:03:36","modified_gmt":"2022-11-30T18:03:36","slug":"contact-us","status":"publish","type":"page","link":"https:\/\/safiaderma.ca\/en\/contact-us\/","title":{"rendered":"Contact us"},"content":{"rendered":"[vc_row][vc_column width=&#8221;1\/2&#8243;][vc_column_text]\r\n<h2>Newsletter<\/h2>\r\n[\/vc_column_text][vc_raw_html]JTVCbWM0d3BfZm9ybSUyMGlkJTNEJTIyMTMxNDklMjIlNUQ=[\/vc_raw_html][vc_column_text][\/vc_column_text][vc_column_text]\r\n<h1>Contact-Us<\/h1>\r\nFor more information or any questions, as well as to express your satisfaction, contact us today!\r\n\r\nTo call us: 514-800-7569\r\nE-mail:\u00a0<a href=\"mailto:nadine@safiaderma.ca\">nadine@safiaderma.ca<\/a>\r\n\r\n&nbsp;\r\n\r\n[\/vc_column_text][\/vc_column][vc_column width=&#8221;1\/2&#8243;][vc_single_image image=&#8221;3202&#8243; img_size=&#8221;full&#8221;][\/vc_column][\/vc_row][vc_row css=&#8221;.vc_custom_1669831414128{padding-top: 10px !important;}&#8221;][vc_column css=&#8221;.vc_custom_1655585339712{margin-top: 50px !important;margin-bottom: 50px !important;}&#8221;]\n<div class=\"wpcf7 no-js\" id=\"wpcf7-f879-o1\" lang=\"fr-FR\" dir=\"ltr\">\n<div class=\"screen-reader-response\"><p role=\"status\" aria-live=\"polite\" aria-atomic=\"true\"><\/p> <ul><\/ul><\/div>\n<form action=\"\/en\/wp-json\/wp\/v2\/pages\/874#wpcf7-f879-o1\" method=\"post\" class=\"wpcf7-form init\" aria-label=\"Formulaire de contact\" novalidate=\"novalidate\" data-status=\"init\">\n<div style=\"display: none;\">\n<input type=\"hidden\" name=\"_wpcf7\" value=\"879\" \/>\n<input type=\"hidden\" name=\"_wpcf7_version\" value=\"5.9.3\" \/>\n<input type=\"hidden\" name=\"_wpcf7_locale\" value=\"fr_FR\" \/>\n<input type=\"hidden\" name=\"_wpcf7_unit_tag\" value=\"wpcf7-f879-o1\" \/>\n<input type=\"hidden\" name=\"_wpcf7_container_post\" value=\"0\" \/>\n<input type=\"hidden\" name=\"_wpcf7_posted_data_hash\" value=\"\" \/>\n<input type=\"hidden\" name=\"_wpcf7_recaptcha_response\" value=\"\" \/>\n<\/div>\n<p><label> Your name (required)<br \/>\n<span class=\"wpcf7-form-control-wrap\" data-name=\"your-name\"><input size=\"40\" class=\"wpcf7-form-control wpcf7-text wpcf7-validates-as-required\" aria-required=\"true\" aria-invalid=\"false\" value=\"\" type=\"text\" name=\"your-name\" \/><\/span> <\/label>\n<\/p>\n<p><label> Your e-mail (required)<br \/>\n<span class=\"wpcf7-form-control-wrap\" data-name=\"your-email\"><input size=\"40\" class=\"wpcf7-form-control wpcf7-email wpcf7-validates-as-required wpcf7-text wpcf7-validates-as-email\" aria-required=\"true\" aria-invalid=\"false\" value=\"\" type=\"email\" name=\"your-email\" \/><\/span> <\/label>\n<\/p>\n<p><label> Object<br \/>\n<span class=\"wpcf7-form-control-wrap\" data-name=\"your-subject\"><input size=\"40\" class=\"wpcf7-form-control wpcf7-text\" aria-invalid=\"false\" value=\"\" type=\"text\" name=\"your-subject\" \/><\/span> <\/label>\n<\/p>\n<p><label> Your message<br \/>\n<span class=\"wpcf7-form-control-wrap\" data-name=\"your-message\"><textarea cols=\"40\" rows=\"10\" class=\"wpcf7-form-control wpcf7-textarea\" aria-invalid=\"false\" name=\"your-message\"><\/textarea><\/span> <\/label><br \/>\n<br \/>\n<input class=\"wpcf7-form-control wpcf7-submit has-spinner\" type=\"submit\" value=\"Send\" \/>\n<\/p><div class=\"wpcf7-response-output\" aria-hidden=\"true\"><\/div>\n<\/form>\n<\/div>\n<div class=\"edgtf-section-title-holder  edgtf-st-standard edgtf-st-title-left edgtf-st-normal-space \" style=\"text-align: center\">\n\t<div class=\"edgtf-st-inner\">\n\t\t\t\t\t<h2 class=\"edgtf-st-title\" >\n\t\t\t\tOur products are also available at:\t\t\t<\/h2>\n\t\t\t\t\t<\/div>\n<\/div>[\/vc_column][\/vc_row][vc_row][vc_column][vc_tta_tabs spacing=&#8221;10&#8243; active_section=&#8221;1&#8243;][vc_tta_section title=&#8221;VAP MAGIK&#8221; tab_id=&#8221;1655495014183-74e5c5f1-a030&#8243;][vc_column_text]\r\n\r\n<a class=\"c-link\" href=\"http:\/\/www.vapmagik.com\/\" target=\"_blank\" rel=\"noopener noreferrer\" data-stringify-link=\"http:\/\/WWW.VAPMAGIK.COM\" data-sk=\"tooltip_parent\"><span style=\"vertical-align: inherit;\"><span style=\"vertical-align: inherit;\">WWW.VAPMAGIK.COM<\/span><\/span><\/a>\r\n\r\n<span style=\"vertical-align: inherit;\"><span style=\"vertical-align: inherit;\">\u00a0<a href=\"tel:5148338857\">5148338857<\/a><\/span><\/span>\r\n\r\n[\/vc_column_text][\/vc_tta_section][vc_tta_section title=&#8221;JESSICA LAUZIER&#8221; tab_id=&#8221;1655495014199-be3c1eed-f66a&#8221;][vc_column_text]\r\n\r\nESTHETICIENNE\r\n<a class=\"c-link\" href=\"tel:5147929135\" target=\"_blank\" rel=\"noopener noreferrer\" data-stringify-link=\"tel:5147929135\" data-sk=\"tooltip_parent\">514 7929135<\/a>\r\n\r\n[\/vc_column_text][\/vc_tta_section][vc_tta_section title=&#8221;LYNE DUMOUCHEL&#8221; tab_id=&#8221;1655584956044-5ed9e952-85dd&#8221;][vc_column_text]\r\n\r\nD\u00c9POSITAIRE\r\nSTE-BRIGITTE DE LAVAL, QC\r\n<a class=\"c-link\" href=\"tel:14185646256\" target=\"_blank\" rel=\"noopener noreferrer\" data-stringify-link=\"tel:14185646256\" data-sk=\"tooltip_parent\">1-418-5646256<\/a>\r\n\r\n[\/vc_column_text][\/vc_tta_section][vc_tta_section title=&#8221;DERMASTRUTURE&#8221; tab_id=&#8221;1655585016813-93f84eff-ac22&#8243;][vc_column_text]\r\n\r\nBOUL. CUR\u00c9 LABELLE\r\nBLAINVILLE, QC\r\n<a class=\"c-link\" href=\"tel:14388865140\" target=\"_blank\" rel=\"noopener noreferrer\" data-stringify-link=\"tel:14388865140\" data-sk=\"tooltip_parent\">1-438-886-5140<\/a>\r\n\r\n[\/vc_column_text][\/vc_tta_section][vc_tta_section title=&#8221;ANNIC EMMANUEL&#8221; tab_id=&#8221;1655585049430-e957a7b5-b6ea&#8221;][vc_column_text]\r\n\r\nMASSOTH\u00c9RAPIE \u00c9NERG\u00c9TIQUE\r\n8458 RUE FOUCHER\r\nMONTR\u00c9AL, QC\r\n<a class=\"c-link\" href=\"tel:14389898880\" target=\"_blank\" rel=\"noopener noreferrer\" data-stringify-link=\"tel:14389898880\" data-sk=\"tooltip_parent\">1-438-989-8880<\/a>\r\n\r\n[\/vc_column_text][\/vc_tta_section][vc_tta_section title=&#8221;Syner G Supplements&#8221; tab_id=&#8221;1655585074542-b2ad2476-82bf&#8221;][vc_column_text]\r\n\r\n<a class=\"c-link\" href=\"mailto:bantey@synergsupplements.com\" target=\"_blank\" rel=\"noopener noreferrer\" data-stringify-link=\"mailto:bantey@synergsupplements.com\" data-sk=\"tooltip_parent\" aria-haspopup=\"menu\" aria-expanded=\"false\"><img loading=\"lazy\" decoding=\"async\" class=\"size-medium wp-image-14300 alignleft\" src=\"https:\/\/safiaderma.ca\/wp-content\/uploads\/2022\/06\/synerg-logoslogan-en-cmyk-656x400.jpg\" alt=\"\" width=\"656\" height=\"400\" \/>bantey@synergsupplements.com<\/a>\r\n<a class=\"c-link\" href=\"http:\/\/www.synergsupplements.com\/\" target=\"_blank\" rel=\"noopener noreferrer\" data-stringify-link=\"http:\/\/www.synergsupplements.com\" data-sk=\"tooltip_parent\">www.synergsupplements.com<\/a>\r\nT:\u00a0<a class=\"c-link\" href=\"tel:4384944538\" target=\"_blank\" rel=\"noopener noreferrer\" data-stringify-link=\"tel:4384944538\" data-sk=\"tooltip_parent\">438-494-4538<\/a>\r\n\r\n[\/vc_column_text][\/vc_tta_section][\/vc_tta_tabs][\/vc_column][\/vc_row]<!-- \/wp:post-content -->","protected":false},"excerpt":{"rendered":"<p>[vc_row][vc_column width=&#8221;1\/2&#8243;][vc_column_text] Newsletter [\/vc_column_text][vc_raw_html]JTVCbWM0d3BfZm9ybSUyMGlkJTNEJTIyMTMxNDklMjIlNUQ=[\/vc_raw_html][vc_column_text][\/vc_column_text][vc_column_text] Contact-Us For more information or any questions, as well as to express your satisfaction, contact us today! To call us: 514-800-7569 E-mail:\u00a0nadine@safiaderma.ca &nbsp; [\/vc_column_text][\/vc_column][vc_column width=&#8221;1\/2&#8243;][vc_single_image image=&#8221;3202&#8243; img_size=&#8221;full&#8221;][\/vc_column][\/vc_row][vc_row css=&#8221;.vc_custom_1669831414128{padding-top: 10px !important;}&#8221;][vc_column css=&#8221;.vc_custom_1655585339712{margin-top: 50px !important;margin-bottom: 50px !important;}&#8221;][\/vc_column][\/vc_row][vc_row][vc_column][vc_tta_tabs spacing=&#8221;10&#8243; [&hellip;]<\/p>\n","protected":false},"author":1,"featured_media":0,"parent":0,"menu_order":0,"comment_status":"closed","ping_status":"closed","template":"","meta":{"footnotes":""},"class_list":["post-874","page","type-page","status-publish","hentry"],"yoast_head":"<!-- This site is optimized with the Yoast SEO plugin v22.4 - https:\/\/yoast.com\/wordpress\/plugins\/seo\/ -->\n<title>Contact us - Safia Derma - Courriel: info@safiaderma.com<\/title>\n<meta name=\"description\" content=\"Pour un besoin d\u2019information ou toutes questions, ainsi que pour nous exprimer votre satisfaction, contactez-nous d\u00e8s aujourd\u2019hui!\" \/>\n<meta name=\"robots\" content=\"index, follow, max-snippet:-1, max-image-preview:large, max-video-preview:-1\" \/>\n<link rel=\"canonical\" href=\"https:\/\/safiaderma.ca\/en\/contact-us\/\" \/>\n<meta property=\"og:locale\" content=\"en_US\" \/>\n<meta property=\"og:type\" content=\"article\" \/>\n<meta property=\"og:title\" content=\"Contact us - Safia Derma - Courriel: info@safiaderma.com\" \/>\n<meta property=\"og:description\" content=\"Pour un besoin d\u2019information ou toutes questions, ainsi que pour nous exprimer votre satisfaction, contactez-nous d\u00e8s aujourd\u2019hui!\" \/>\n<meta property=\"og:url\" content=\"https:\/\/safiaderma.ca\/en\/contact-us\/\" \/>\n<meta property=\"og:site_name\" content=\"Safia Derma\" \/>\n<meta property=\"article:publisher\" content=\"https:\/\/www.facebook.com\/safiaderma\/\" \/>\n<meta property=\"article:modified_time\" content=\"2022-11-30T18:03:36+00:00\" \/>\n<meta property=\"og:image\" content=\"https:\/\/safiaderma.ca\/wp-content\/uploads\/2022\/06\/synerg-logoslogan-en-cmyk-656x400.jpg\" \/>\n<meta name=\"twitter:card\" content=\"summary_large_image\" \/>\n<meta name=\"twitter:label1\" content=\"Est. reading time\" \/>\n\t<meta name=\"twitter:data1\" content=\"2 minutes\" \/>\n<!-- \/ Yoast SEO plugin. -->","yoast_head_json":{"title":"Contact us - Safia Derma - Courriel: info@safiaderma.com","description":"Pour un besoin d\u2019information ou toutes questions, ainsi que pour nous exprimer votre satisfaction, contactez-nous d\u00e8s aujourd\u2019hui!","robots":{"index":"index","follow":"follow","max-snippet":"max-snippet:-1","max-image-preview":"max-image-preview:large","max-video-preview":"max-video-preview:-1"},"canonical":"https:\/\/safiaderma.ca\/en\/contact-us\/","og_locale":"en_US","og_type":"article","og_title":"Contact us - Safia Derma - Courriel: info@safiaderma.com","og_description":"Pour un besoin d\u2019information ou toutes questions, ainsi que pour nous exprimer votre satisfaction, contactez-nous d\u00e8s aujourd\u2019hui!","og_url":"https:\/\/safiaderma.ca\/en\/contact-us\/","og_site_name":"Safia Derma","article_publisher":"https:\/\/www.facebook.com\/safiaderma\/","article_modified_time":"2022-11-30T18:03:36+00:00","og_image":[{"url":"https:\/\/safiaderma.ca\/wp-content\/uploads\/2022\/06\/synerg-logoslogan-en-cmyk-656x400.jpg"}],"twitter_card":"summary_large_image","twitter_misc":{"Est. reading time":"2 minutes"},"schema":{"@context":"https:\/\/schema.org","@graph":[{"@type":"WebPage","@id":"https:\/\/safiaderma.ca\/en\/contact-us\/","url":"https:\/\/safiaderma.ca\/en\/contact-us\/","name":"Contact us - Safia Derma - Courriel: info@safiaderma.com","isPartOf":{"@id":"https:\/\/safiaderma.ca\/en\/#website"},"primaryImageOfPage":{"@id":"https:\/\/safiaderma.ca\/en\/contact-us\/#primaryimage"},"image":{"@id":"https:\/\/safiaderma.ca\/en\/contact-us\/#primaryimage"},"thumbnailUrl":"https:\/\/safiaderma.ca\/wp-content\/uploads\/2022\/06\/synerg-logoslogan-en-cmyk-656x400.jpg","datePublished":"2013-08-11T23:22:53+00:00","dateModified":"2022-11-30T18:03:36+00:00","description":"Pour un besoin d\u2019information ou toutes questions, ainsi que pour nous exprimer votre satisfaction, contactez-nous d\u00e8s aujourd\u2019hui!","breadcrumb":{"@id":"https:\/\/safiaderma.ca\/en\/contact-us\/#breadcrumb"},"inLanguage":"en-US","potentialAction":[{"@type":"ReadAction","target":["https:\/\/safiaderma.ca\/en\/contact-us\/"]}]},{"@type":"ImageObject","inLanguage":"en-US","@id":"https:\/\/safiaderma.ca\/en\/contact-us\/#primaryimage","url":"https:\/\/safiaderma.ca\/wp-content\/uploads\/2022\/06\/synerg-logoslogan-en-cmyk-656x400.jpg","contentUrl":"https:\/\/safiaderma.ca\/wp-content\/uploads\/2022\/06\/synerg-logoslogan-en-cmyk-656x400.jpg"},{"@type":"BreadcrumbList","@id":"https:\/\/safiaderma.ca\/en\/contact-us\/#breadcrumb","itemListElement":[{"@type":"ListItem","position":1,"name":"Accueil","item":"https:\/\/safiaderma.ca\/en\/"},{"@type":"ListItem","position":2,"name":"Contactez-nous"}]},{"@type":"WebSite","@id":"https:\/\/safiaderma.ca\/en\/#website","url":"https:\/\/safiaderma.ca\/en\/","name":"Safia Derma","description":"Pour une peau digne de vous","publisher":{"@id":"https:\/\/safiaderma.ca\/en\/#organization"},"potentialAction":[{"@type":"SearchAction","target":{"@type":"EntryPoint","urlTemplate":"https:\/\/safiaderma.ca\/en\/?s={search_term_string}"},"query-input":"required name=search_term_string"}],"inLanguage":"en-US"},{"@type":"Organization","@id":"https:\/\/safiaderma.ca\/en\/#organization","name":"Safia Derma inc","url":"https:\/\/safiaderma.ca\/en\/","logo":{"@type":"ImageObject","inLanguage":"en-US","@id":"https:\/\/safiaderma.ca\/en\/#\/schema\/logo\/image\/","url":"https:\/\/safiaderma.ca\/wp-content\/uploads\/2019\/05\/logo_safia.png","contentUrl":"https:\/\/safiaderma.ca\/wp-content\/uploads\/2019\/05\/logo_safia.png","width":3360,"height":1335,"caption":"Safia Derma inc"},"image":{"@id":"https:\/\/safiaderma.ca\/en\/#\/schema\/logo\/image\/"},"sameAs":["https:\/\/www.facebook.com\/safiaderma\/"]}]}},"_links":{"self":[{"href":"https:\/\/safiaderma.ca\/en\/wp-json\/wp\/v2\/pages\/874","targetHints":{"allow":["GET"]}}],"collection":[{"href":"https:\/\/safiaderma.ca\/en\/wp-json\/wp\/v2\/pages"}],"about":[{"href":"https:\/\/safiaderma.ca\/en\/wp-json\/wp\/v2\/types\/page"}],"author":[{"embeddable":true,"href":"https:\/\/safiaderma.ca\/en\/wp-json\/wp\/v2\/users\/1"}],"replies":[{"embeddable":true,"href":"https:\/\/safiaderma.ca\/en\/wp-json\/wp\/v2\/comments?post=874"}],"version-history":[{"count":7,"href":"https:\/\/safiaderma.ca\/en\/wp-json\/wp\/v2\/pages\/874\/revisions"}],"predecessor-version":[{"id":14436,"href":"https:\/\/safiaderma.ca\/en\/wp-json\/wp\/v2\/pages\/874\/revisions\/14436"}],"wp:attachment":[{"href":"https:\/\/safiaderma.ca\/en\/wp-json\/wp\/v2\/media?parent=874"}],"curies":[{"name":"wp","href":"https:\/\/api.w.org\/{rel}","templated":true}]}}