{"id":1739,"date":"2019-07-25T10:50:45","date_gmt":"2019-07-25T14:50:45","guid":{"rendered":"https:\/\/safiaderma.com\/testimonials\/"},"modified":"2022-05-20T07:57:58","modified_gmt":"2022-05-20T11:57:58","slug":"testimonials","status":"publish","type":"page","link":"https:\/\/safiaderma.ca\/en\/testimonials\/","title":{"rendered":"Testimonials"},"content":{"rendered":"<p>[vc_row][vc_column][vc_column_text]<\/p>\n<h2 style=\"text-align: center;\">What our clients are saying<\/h2>\n<p>[\/vc_column_text][\/vc_column][\/vc_row][vc_row][vc_column]<div class=\"edgtf-testimonials-holder clearfix edgtf-testimonials-standard \">\n    <div class=\"edgtf-testimonials edgtf-owl-slider\" data-enable-loop=\"yes\" data-enable-autoplay=\"yes\" data-slider-speed=\"5000\" data-slider-speed-animation=\"600\" data-enable-navigation=\"yes\" data-enable-pagination=\"yes\" data-number-visible=\"2\">\n\n    \n            <div class=\"edgtf-testimonial-content\" id=\"edgtf-testimonials-14213\">\n                <div class=\"edgtf-testimonial-text-holder\">\n                                            <p class=\"edgtf-testimonial-text\">Thank you very much for your advice, I made the mask by mixing a little S cream with a little Bain Viva. My skin was more luminous, radiant and very soft. A big thank you<\/p>\n                    \t                                                            <div class=\"edgtf-testimonial-author\">\n                            <div class=\"edgtf-testimonials-author-name\">Yolaine<\/div>\n                                                    <\/div>\n                                    <\/div>\n            <\/div>\n\n    \n            <div class=\"edgtf-testimonial-content\" id=\"edgtf-testimonials-13951\">\n                <div class=\"edgtf-testimonial-text-holder\">\n                                            <p class=\"edgtf-testimonial-text\">I am 32 years old and I had problems with pimples on my face. After using la cr\u00e8me S, my problems have disappeared... for two years<\/p>\n                    \t                                                            <div class=\"edgtf-testimonial-author\">\n                            <div class=\"edgtf-testimonials-author-name\">Am\u00e9lie G<\/div>\n                                                    <\/div>\n                                    <\/div>\n            <\/div>\n\n    \n            <div class=\"edgtf-testimonial-content\" id=\"edgtf-testimonials-13950\">\n                <div class=\"edgtf-testimonial-text-holder\">\n                                            <p class=\"edgtf-testimonial-text\">I made a terrible wrong move and I could not exercise for months, until I started using Viva bath<\/p>\n                    \t                                                            <div class=\"edgtf-testimonial-author\">\n                            <div class=\"edgtf-testimonials-author-name\">Isabelle R<\/div>\n                                                    <\/div>\n                                    <\/div>\n            <\/div>\n\n    \n            <div class=\"edgtf-testimonial-content\" id=\"edgtf-testimonials-13949\">\n                <div class=\"edgtf-testimonial-text-holder\">\n                                            <p class=\"edgtf-testimonial-text\">In 1998, I&#039;ve started having pustular psoriasis on my feet. I saw several dermatologists, I tried many creams, among others with cortisone, dipping of all kinds, poultices and even chemotherapy photo treatments (PUVA) . After 3 consecutive days of soaking with Bain Viva, I noticed a clear improvement in the regeneration of the skin, so less desquamation and itching. I am very happy to have had the chance to try this product and I intend to not do without it anymore<\/p>\n                    \t                                                            <div class=\"edgtf-testimonial-author\">\n                            <div class=\"edgtf-testimonials-author-name\">Michelle<\/div>\n                                                    <\/div>\n                                    <\/div>\n            <\/div>\n\n    \n            <div class=\"edgtf-testimonial-content\" id=\"edgtf-testimonials-13948\">\n                <div class=\"edgtf-testimonial-text-holder\">\n                                            <p class=\"edgtf-testimonial-text\">I have been a loyal customer to Safia Derma since the beginning. They do not have many products, but the ones they have, worth like gold because they are effective and act quickly. Their latest X-Foliant is incredibly active and easy to use. It makes the skin soft and it smells good<\/p>\n                    \t                                                            <div class=\"edgtf-testimonial-author\">\n                            <div class=\"edgtf-testimonials-author-name\">Marie T<\/div>\n                                                    <\/div>\n                                    <\/div>\n            <\/div>\n\n    \n            <div class=\"edgtf-testimonial-content\" id=\"edgtf-testimonials-13947\">\n                <div class=\"edgtf-testimonial-text-holder\">\n                                            <p class=\"edgtf-testimonial-text\">I am a esthetician, and since I have started recommending the use of cream S, my clients have noticed an immediate effect on their skin<\/p>\n                    \t                                                            <div class=\"edgtf-testimonial-author\">\n                            <div class=\"edgtf-testimonials-author-name\">Luce A<\/div>\n                                                    <\/div>\n                                    <\/div>\n            <\/div>\n\n    \n    <\/div>\n<\/div>[\/vc_column][\/vc_row][vc_row][vc_column][vc_gallery interval=&#8221;3&#8243; images=&#8221;13306,13291&#8243; img_size=&#8221;full&#8221; onclick=&#8221;&#8221;][\/vc_column][\/vc_row]<\/p>\n","protected":false},"excerpt":{"rendered":"<p>[vc_row][vc_column][vc_column_text] What our clients are saying [\/vc_column_text][\/vc_column][\/vc_row][vc_row][vc_column][\/vc_column][\/vc_row][vc_row][vc_column][vc_gallery interval=&#8221;3&#8243; images=&#8221;13306,13291&#8243; img_size=&#8221;full&#8221; onclick=&#8221;&#8221;][\/vc_column][\/vc_row]<\/p>\n","protected":false},"author":1,"featured_media":0,"parent":0,"menu_order":0,"comment_status":"closed","ping_status":"closed","template":"","meta":{"footnotes":""},"class_list":["post-1739","page","type-page","status-publish","hentry"],"yoast_head":"<!-- This site is optimized with the Yoast SEO plugin v22.4 - https:\/\/yoast.com\/wordpress\/plugins\/seo\/ -->\n<title>Testimonials - Safia Derma - T\u00e9moignages de clients satisfaits.<\/title>\n<meta name=\"description\" content=\"Les t\u00e9moignages sont une appr\u00e9ciation \u00e9volutive des impressions que nos clients ont estim\u00e9 \u00eatre valorisant selon leurs exp\u00e9riences avec nos produits.\" \/>\n<meta name=\"robots\" content=\"index, follow, max-snippet:-1, max-image-preview:large, max-video-preview:-1\" \/>\n<link rel=\"canonical\" href=\"https:\/\/safiaderma.ca\/en\/testimonials\/\" \/>\n<meta property=\"og:locale\" content=\"en_US\" \/>\n<meta property=\"og:type\" content=\"article\" \/>\n<meta property=\"og:title\" content=\"Testimonials - Safia Derma - T\u00e9moignages de clients satisfaits.\" \/>\n<meta property=\"og:description\" content=\"Les t\u00e9moignages sont une appr\u00e9ciation \u00e9volutive des impressions que nos clients ont estim\u00e9 \u00eatre valorisant selon leurs exp\u00e9riences avec nos produits.\" \/>\n<meta property=\"og:url\" content=\"https:\/\/safiaderma.ca\/en\/testimonials\/\" \/>\n<meta property=\"og:site_name\" content=\"Safia Derma\" \/>\n<meta property=\"article:publisher\" content=\"https:\/\/www.facebook.com\/safiaderma\/\" \/>\n<meta property=\"article:modified_time\" content=\"2022-05-20T11:57:58+00:00\" \/>\n<meta property=\"og:image\" content=\"https:\/\/safiaderma.ca\/wp-content\/uploads\/2019\/05\/logo_safia.png\" \/>\n\t<meta property=\"og:image:width\" content=\"3360\" \/>\n\t<meta property=\"og:image:height\" content=\"1335\" \/>\n\t<meta property=\"og:image:type\" content=\"image\/png\" \/>\n<meta name=\"twitter:card\" content=\"summary_large_image\" \/>\n<!-- \/ Yoast SEO plugin. -->","yoast_head_json":{"title":"Testimonials - Safia Derma - T\u00e9moignages de clients satisfaits.","description":"Les t\u00e9moignages sont une appr\u00e9ciation \u00e9volutive des impressions que nos clients ont estim\u00e9 \u00eatre valorisant selon leurs exp\u00e9riences avec nos produits.","robots":{"index":"index","follow":"follow","max-snippet":"max-snippet:-1","max-image-preview":"max-image-preview:large","max-video-preview":"max-video-preview:-1"},"canonical":"https:\/\/safiaderma.ca\/en\/testimonials\/","og_locale":"en_US","og_type":"article","og_title":"Testimonials - Safia Derma - T\u00e9moignages de clients satisfaits.","og_description":"Les t\u00e9moignages sont une appr\u00e9ciation \u00e9volutive des impressions que nos clients ont estim\u00e9 \u00eatre valorisant selon leurs exp\u00e9riences avec nos produits.","og_url":"https:\/\/safiaderma.ca\/en\/testimonials\/","og_site_name":"Safia Derma","article_publisher":"https:\/\/www.facebook.com\/safiaderma\/","article_modified_time":"2022-05-20T11:57:58+00:00","og_image":[{"width":3360,"height":1335,"url":"https:\/\/safiaderma.ca\/wp-content\/uploads\/2019\/05\/logo_safia.png","type":"image\/png"}],"twitter_card":"summary_large_image","schema":{"@context":"https:\/\/schema.org","@graph":[{"@type":"WebPage","@id":"https:\/\/safiaderma.ca\/en\/testimonials\/","url":"https:\/\/safiaderma.ca\/en\/testimonials\/","name":"Testimonials - Safia Derma - T\u00e9moignages de clients satisfaits.","isPartOf":{"@id":"https:\/\/safiaderma.ca\/en\/#website"},"datePublished":"2019-07-25T14:50:45+00:00","dateModified":"2022-05-20T11:57:58+00:00","description":"Les t\u00e9moignages sont une appr\u00e9ciation \u00e9volutive des impressions que nos clients ont estim\u00e9 \u00eatre valorisant selon leurs exp\u00e9riences avec nos produits.","breadcrumb":{"@id":"https:\/\/safiaderma.ca\/en\/testimonials\/#breadcrumb"},"inLanguage":"en-US","potentialAction":[{"@type":"ReadAction","target":["https:\/\/safiaderma.ca\/en\/testimonials\/"]}]},{"@type":"BreadcrumbList","@id":"https:\/\/safiaderma.ca\/en\/testimonials\/#breadcrumb","itemListElement":[{"@type":"ListItem","position":1,"name":"Accueil","item":"https:\/\/safiaderma.ca\/en\/"},{"@type":"ListItem","position":2,"name":"T\u00e9moignages"}]},{"@type":"WebSite","@id":"https:\/\/safiaderma.ca\/en\/#website","url":"https:\/\/safiaderma.ca\/en\/","name":"Safia Derma","description":"Pour une peau digne de vous","publisher":{"@id":"https:\/\/safiaderma.ca\/en\/#organization"},"potentialAction":[{"@type":"SearchAction","target":{"@type":"EntryPoint","urlTemplate":"https:\/\/safiaderma.ca\/en\/?s={search_term_string}"},"query-input":"required name=search_term_string"}],"inLanguage":"en-US"},{"@type":"Organization","@id":"https:\/\/safiaderma.ca\/en\/#organization","name":"Safia Derma inc","url":"https:\/\/safiaderma.ca\/en\/","logo":{"@type":"ImageObject","inLanguage":"en-US","@id":"https:\/\/safiaderma.ca\/en\/#\/schema\/logo\/image\/","url":"https:\/\/safiaderma.ca\/wp-content\/uploads\/2019\/05\/logo_safia.png","contentUrl":"https:\/\/safiaderma.ca\/wp-content\/uploads\/2019\/05\/logo_safia.png","width":3360,"height":1335,"caption":"Safia Derma inc"},"image":{"@id":"https:\/\/safiaderma.ca\/en\/#\/schema\/logo\/image\/"},"sameAs":["https:\/\/www.facebook.com\/safiaderma\/"]}]}},"_links":{"self":[{"href":"https:\/\/safiaderma.ca\/en\/wp-json\/wp\/v2\/pages\/1739","targetHints":{"allow":["GET"]}}],"collection":[{"href":"https:\/\/safiaderma.ca\/en\/wp-json\/wp\/v2\/pages"}],"about":[{"href":"https:\/\/safiaderma.ca\/en\/wp-json\/wp\/v2\/types\/page"}],"author":[{"embeddable":true,"href":"https:\/\/safiaderma.ca\/en\/wp-json\/wp\/v2\/users\/1"}],"replies":[{"embeddable":true,"href":"https:\/\/safiaderma.ca\/en\/wp-json\/wp\/v2\/comments?post=1739"}],"version-history":[{"count":5,"href":"https:\/\/safiaderma.ca\/en\/wp-json\/wp\/v2\/pages\/1739\/revisions"}],"predecessor-version":[{"id":14268,"href":"https:\/\/safiaderma.ca\/en\/wp-json\/wp\/v2\/pages\/1739\/revisions\/14268"}],"wp:attachment":[{"href":"https:\/\/safiaderma.ca\/en\/wp-json\/wp\/v2\/media?parent=1739"}],"curies":[{"name":"wp","href":"https:\/\/api.w.org\/{rel}","templated":true}]}}