{"id":1644,"date":"2019-07-25T18:52:17","date_gmt":"2019-07-25T22:52:17","guid":{"rendered":"https:\/\/safiaderma.com\/shop\/disinfectant\/"},"modified":"2021-10-22T14:39:33","modified_gmt":"2021-10-22T18:39:33","slug":"disinfectant","status":"publish","type":"page","link":"https:\/\/safiaderma.ca\/en\/disinfectant\/","title":{"rendered":"Disinfectant"},"content":{"rendered":"<p>[vc_row row_content_width=&#8221;grid&#8221; disable_background_image=&#8221;1024&#8243; css=&#8221;.vc_custom_1532434331901{padding-top: 120px !important;padding-bottom: 120px !important;}&#8221; simple_background_image=&#8221;1809&#8243;][vc_column offset=&#8221;vc_col-lg-offset-0 vc_col-lg-12 vc_col-md-offset-0 vc_col-md-12 vc_col-sm-offset-0 vc_col-xs-12&#8243;]<div class=\"edgtf-elements-holder   edgtf-two-columns  edgtf-responsive-mode-1024 \" ><div class=\"edgtf-eh-item    \"  data-item-class=\"edgtf-eh-custom-3875\">\n\t<div class=\"edgtf-eh-item-inner\">\n\t\t<div class=\"edgtf-eh-item-content edgtf-eh-custom-3875\" >\n\t\t\t[vc_single_image image=&#8221;13775&#8243; img_size=&#8221;full&#8221; alignment=&#8221;center&#8221;]\t\t<\/div>\n\t<\/div>\n<\/div><div class=\"edgtf-eh-item    \"  data-item-class=\"edgtf-eh-custom-9693\" data-1025-1366=\"0 0 24px 25px\" data-769-1024=\"36px 0 0 0\" data-681-768=\"36px 0 0 0\" data-680=\"36px 0 0 0\">\n\t<div class=\"edgtf-eh-item-inner\">\n\t\t<div class=\"edgtf-eh-item-content edgtf-eh-custom-9693\" style=\"padding: 0 0 22px 25px\">\n\t\t\t<div class=\"edgtf-accordion-holder edgtf-ac-default  edgtf-accordion edgtf-ac-simple  clearfix\">\n\t<h5 class=\"edgtf-accordion-title\">\n\t<span class=\"edgtf-tab-title\">Safia Derma\u2122 Disinfectant<\/span>\n\t<span class=\"edgtf-accordion-mark\">\n\t\t<span class=\"edgtf_icon_plus icon_plus\"><\/span>\n\t\t<span class=\"edgtf_icon_minus icon_minus-06\"><\/span>\n\t<\/span>\n<\/h5>\n<div class=\"edgtf-accordion-content\">\n\t<div class=\"edgtf-accordion-content-inner\">\n\t\t[vc_column_text]There&#8217;s a reason Safia Derma \u2122 Anti-Microbial Liquid Hand Sanitizer is so popular.<\/p>\n<p>&nbsp;<\/p>\n<p>Our anti-microbe hand sanitizer is ALCOHOL FREE and the benzalkonium chloride\u00b9 \u00b2 used in our product is known to be more effective in killing bacteria than the alcohol used in regular sanitizers. Plus, it&#8217;s proven to be less irritating.We know your hands only deserve the best treatment.<\/p>\n<p>&nbsp;<\/p>\n<p>The days of alcohol-based hand sanitizers are over. Not only is AM Liquid Hand Sanitizer proven effective, it helps keep hands hydrated.<\/p>\n<p>&nbsp;<\/p>\n<p>Try Safia Derma \u2122 Anti-Microbe AM today; you will like its difference!<\/p>\n<p>&nbsp;<\/p>\n<p>Le temps des assainisseurs pour mains \u00e0 base d&#8217;alcool est termin\u00e9. Non seulement le d\u00e9sinfectant liquide pour les mains AM a prouv\u00e9 son efficacit\u00e9, mais il contribue \u00e0 maintenir l\u2019hydratation les mains.<\/p>\n<p>&nbsp;<\/p>\n<p>Essayez l&#8217;Anti-microbe AM de Safia Derma\u2122 aujourd&#8217;hui; vous aimerez sa diff\u00e9rence![\/vc_column_text]\t<\/div>\n<\/div><h5 class=\"edgtf-accordion-title\">\n\t<span class=\"edgtf-tab-title\">References<\/span>\n\t<span class=\"edgtf-accordion-mark\">\n\t\t<span class=\"edgtf_icon_plus icon_plus\"><\/span>\n\t\t<span class=\"edgtf_icon_minus icon_minus-06\"><\/span>\n\t<\/span>\n<\/h5>\n<div class=\"edgtf-accordion-content\">\n\t<div class=\"edgtf-accordion-content-inner\">\n\t\t[vc_column_text]<\/p>\n<p>1. Bacteria Killers: Alcohol vs. Non-Alcohol Sanitizers,J1614, Jason X. Tuermer-Lee, California State Science Fair, 2014.<br \/>\n2. Testing a New Alcohol\u2010Free Hand Sanitizer to Combat Infection, David L. Dyer, Kenneth B. Gerenratch, Peter S. Wadhams, Aorn Journal; The Official Voice of Perioperative Nursing, August 1998<\/p>\n<p>[\/vc_column_text]\t<\/div>\n<\/div><\/div>\t\t<\/div>\n\t<\/div>\n<\/div><\/div>[\/vc_column][\/vc_row][vc_row][vc_column]<div class=\"edgtf-pl-holder edgtf-grid-list edgtf-disable-bottom-space edgtf-standard-layout edgtf-three-columns edgtf-huge-space edgtf-info-below-image   \">\n\t<div class=\"edgtf-pl-outer edgtf-outer-space\">\n\t\t<div class=\"edgtf-pli edgtf-item-space \">\n\t<div class=\"edgtf-pli-inner\">\n\t\t<div class=\"edgtf-pli-image\">\n\t\t\t\t<span class=\"edgtf-pli-onsale\">Sale<\/span>\n\n<img loading=\"lazy\" decoding=\"async\" width=\"600\" height=\"400\" src=\"https:\/\/safiaderma.ca\/wp-content\/uploads\/2019\/05\/dsc00250-600x400.jpg\" class=\"attachment-woocommerce_single size-woocommerce_single wp-post-image\" alt=\"D\u00e9sinfectant liquide pour les mains AM 550mlD\u00e9sinfectant liquide pour les mains AM 550ml\" srcset=\"https:\/\/safiaderma.ca\/wp-content\/uploads\/2019\/05\/dsc00250-600x400.jpg 600w, https:\/\/safiaderma.ca\/wp-content\/uploads\/2019\/05\/dsc00250-768x512.jpg 768w, https:\/\/safiaderma.ca\/wp-content\/uploads\/2019\/05\/dsc00250.jpg 800w\" sizes=\"auto, (max-width: 600px) 100vw, 600px\" \/>\t\t\n\t\t<div class=\"edgtf-pli-text\" >\n\t\t\t<div class=\"edgtf-pli-text-outer\">\n\t\t\t\t<div class=\"edgtf-pli-text-inner\">\n\t\t\t\t\t\t\n\t<div class=\"edgtf-pli-add-to-cart edgtf-default-skin\">\n\t\t<a rel=\"nofollow\" href=\"?add-to-cart=926\" data-quantity=\"1\" data-product_id=\"926\" data-product_sku=\"\" class=\"button add_to_cart_button ajax_add_to_cart edgtf-button\">Add to cart<\/a>\t<\/div>\n\t\t\t\t<\/div>\n\t\t\t<\/div>\n\t\t<\/div>\n\t\t<a class=\"edgtf-pli-link\" itemprop=\"url\" href=\"https:\/\/safiaderma.ca\/en\/produits\/anti-microbe-liquid-hand-disinfectant-am-550ml\/\" title=\"Anti-microbe &#8211; Liquid hand disinfectant AM | 550ml\"><\/a>\n\t<\/div>\n\t<div class=\"edgtf-pli-text-wrapper\" >\n\t\t    <h4 itemprop=\"name\" class=\"entry-title edgtf-pli-title\" >\n\t\t<a itemprop=\"url\" href=\"https:\/\/safiaderma.ca\/en\/produits\/anti-microbe-liquid-hand-disinfectant-am-550ml\/\">Anti-microbe &#8211; Liquid hand disinfectant AM | 550ml<\/a>\n\t<\/h4>\n\t\t\n\t\t\t\t\n\t\t\t\t\n\t\t\t\t\n\t\t\t<div class=\"edgtf-pli-price\"><del aria-hidden=\"true\"><span class=\"woocommerce-Price-amount amount\"><span class=\"woocommerce-Price-currencySymbol\">&#036;<\/span>26.95<\/span><\/del> <ins><span class=\"woocommerce-Price-amount amount\"><span class=\"woocommerce-Price-currencySymbol\">&#036;<\/span>14.95<\/span><\/ins><\/div>\n\t<\/div>\n\t<\/div>\n<\/div><div class=\"edgtf-pli edgtf-item-space \">\n\t<div class=\"edgtf-pli-inner\">\n\t\t<div class=\"edgtf-pli-image\">\n\t\t\t\n<img loading=\"lazy\" decoding=\"async\" width=\"600\" height=\"400\" src=\"https:\/\/safiaderma.ca\/wp-content\/uploads\/2020\/11\/dsc00268-600x400.jpg\" class=\"attachment-woocommerce_single size-woocommerce_single wp-post-image\" alt=\"D\u00e9sinfectant 4 litres\" srcset=\"https:\/\/safiaderma.ca\/wp-content\/uploads\/2020\/11\/dsc00268-600x400.jpg 600w, https:\/\/safiaderma.ca\/wp-content\/uploads\/2020\/11\/dsc00268-768x512.jpg 768w, https:\/\/safiaderma.ca\/wp-content\/uploads\/2020\/11\/dsc00268.jpg 800w\" sizes=\"auto, (max-width: 600px) 100vw, 600px\" \/>\t\t\n\t\t<div class=\"edgtf-pli-text\" >\n\t\t\t<div class=\"edgtf-pli-text-outer\">\n\t\t\t\t<div class=\"edgtf-pli-text-inner\">\n\t\t\t\t\t\t\n\t<div class=\"edgtf-pli-add-to-cart edgtf-default-skin\">\n\t\t<a rel=\"nofollow\" href=\"?add-to-cart=13196\" data-quantity=\"1\" data-product_id=\"13196\" data-product_sku=\"\" class=\"button add_to_cart_button ajax_add_to_cart edgtf-button\">Add to cart<\/a>\t<\/div>\n\t\t\t\t<\/div>\n\t\t\t<\/div>\n\t\t<\/div>\n\t\t<a class=\"edgtf-pli-link\" itemprop=\"url\" href=\"https:\/\/safiaderma.ca\/en\/produits\/anti-microbe-liquid-hand-disinfectant-am-4l\/\" title=\"Anti-microbe &#8211; Liquid hand disinfectant AM | 4l\"><\/a>\n\t<\/div>\n\t<div class=\"edgtf-pli-text-wrapper\" >\n\t\t    <h4 itemprop=\"name\" class=\"entry-title edgtf-pli-title\" >\n\t\t<a itemprop=\"url\" href=\"https:\/\/safiaderma.ca\/en\/produits\/anti-microbe-liquid-hand-disinfectant-am-4l\/\">Anti-microbe &#8211; Liquid hand disinfectant AM | 4l<\/a>\n\t<\/h4>\n\t\t\n\t\t\t\t\n\t\t\t\t\n\t\t\t\t\n\t\t\t<div class=\"edgtf-pli-price\"><span class=\"woocommerce-Price-amount amount\"><span class=\"woocommerce-Price-currencySymbol\">&#036;<\/span>59.99<\/span><\/div>\n\t<\/div>\n\t<\/div>\n<\/div>\t<\/div>\n<\/div>[vc_empty_space height=&#8221;62px&#8221;][\/vc_column][\/vc_row][vc_row][vc_column][vc_gallery interval=&#8221;3&#8243; images=&#8221;1790&#8243; img_size=&#8221;full&#8221;][\/vc_column][\/vc_row]<\/p>\n","protected":false},"excerpt":{"rendered":"<p>[vc_row row_content_width=&#8221;grid&#8221; disable_background_image=&#8221;1024&#8243; css=&#8221;.vc_custom_1532434331901{padding-top: 120px !important;padding-bottom: 120px !important;}&#8221; simple_background_image=&#8221;1809&#8243;][vc_column offset=&#8221;vc_col-lg-offset-0 vc_col-lg-12 vc_col-md-offset-0 vc_col-md-12 vc_col-sm-offset-0 vc_col-xs-12&#8243;][\/vc_column][\/vc_row][vc_row][vc_column][vc_empty_space height=&#8221;62px&#8221;][\/vc_column][\/vc_row][vc_row][vc_column][vc_gallery interval=&#8221;3&#8243; images=&#8221;1790&#8243; img_size=&#8221;full&#8221;][\/vc_column][\/vc_row]<\/p>\n","protected":false},"author":1,"featured_media":789,"parent":0,"menu_order":1,"comment_status":"closed","ping_status":"closed","template":"","meta":{"footnotes":""},"class_list":["post-1644","page","type-page","status-publish","has-post-thumbnail","hentry"],"yoast_head":"<!-- This site is optimized with the Yoast SEO plugin v22.4 - https:\/\/yoast.com\/wordpress\/plugins\/seo\/ -->\n<title>Disinfectant - Safia Derma, l\u2019Anti-microbe AM, vous aimerez sa diff\u00e9rence!<\/title>\n<meta name=\"description\" content=\"Le temps des assainisseurs \u00e0 base d\u2019alcool est termin\u00e9. Non seulement le d\u00e9sinfectant liquide AM a prouv\u00e9 son efficacit\u00e9, mais il maintient l\u2019hydratation.\" \/>\n<meta name=\"robots\" content=\"index, follow, max-snippet:-1, max-image-preview:large, max-video-preview:-1\" \/>\n<link rel=\"canonical\" href=\"https:\/\/safiaderma.ca\/en\/disinfectant\/\" \/>\n<meta property=\"og:locale\" content=\"en_US\" \/>\n<meta property=\"og:type\" content=\"article\" \/>\n<meta property=\"og:title\" content=\"Disinfectant - Safia Derma, l\u2019Anti-microbe AM, vous aimerez sa diff\u00e9rence!\" \/>\n<meta property=\"og:description\" content=\"Le temps des assainisseurs \u00e0 base d\u2019alcool est termin\u00e9. Non seulement le d\u00e9sinfectant liquide AM a prouv\u00e9 son efficacit\u00e9, mais il maintient l\u2019hydratation.\" \/>\n<meta property=\"og:url\" content=\"https:\/\/safiaderma.ca\/en\/disinfectant\/\" \/>\n<meta property=\"og:site_name\" content=\"Safia Derma\" \/>\n<meta property=\"article:publisher\" content=\"https:\/\/www.facebook.com\/safiaderma\/\" \/>\n<meta property=\"article:modified_time\" content=\"2021-10-22T18:39:33+00:00\" \/>\n<meta property=\"og:image\" content=\"https:\/\/safiaderma.ca\/wp-content\/uploads\/2019\/05\/assainisseur550.jpg\" \/>\n\t<meta property=\"og:image:width\" content=\"4800\" \/>\n\t<meta property=\"og:image:height\" content=\"3200\" \/>\n\t<meta property=\"og:image:type\" content=\"image\/jpeg\" \/>\n<meta name=\"twitter:card\" content=\"summary_large_image\" \/>\n<meta name=\"twitter:label1\" content=\"Est. reading time\" \/>\n\t<meta name=\"twitter:data1\" content=\"2 minutes\" \/>\n<!-- \/ Yoast SEO plugin. -->","yoast_head_json":{"title":"Disinfectant - Safia Derma, l\u2019Anti-microbe AM, vous aimerez sa diff\u00e9rence!","description":"Le temps des assainisseurs \u00e0 base d\u2019alcool est termin\u00e9. Non seulement le d\u00e9sinfectant liquide AM a prouv\u00e9 son efficacit\u00e9, mais il maintient l\u2019hydratation.","robots":{"index":"index","follow":"follow","max-snippet":"max-snippet:-1","max-image-preview":"max-image-preview:large","max-video-preview":"max-video-preview:-1"},"canonical":"https:\/\/safiaderma.ca\/en\/disinfectant\/","og_locale":"en_US","og_type":"article","og_title":"Disinfectant - Safia Derma, l\u2019Anti-microbe AM, vous aimerez sa diff\u00e9rence!","og_description":"Le temps des assainisseurs \u00e0 base d\u2019alcool est termin\u00e9. Non seulement le d\u00e9sinfectant liquide AM a prouv\u00e9 son efficacit\u00e9, mais il maintient l\u2019hydratation.","og_url":"https:\/\/safiaderma.ca\/en\/disinfectant\/","og_site_name":"Safia Derma","article_publisher":"https:\/\/www.facebook.com\/safiaderma\/","article_modified_time":"2021-10-22T18:39:33+00:00","og_image":[{"width":4800,"height":3200,"url":"https:\/\/safiaderma.ca\/wp-content\/uploads\/2019\/05\/assainisseur550.jpg","type":"image\/jpeg"}],"twitter_card":"summary_large_image","twitter_misc":{"Est. reading time":"2 minutes"},"schema":{"@context":"https:\/\/schema.org","@graph":[{"@type":"WebPage","@id":"https:\/\/safiaderma.ca\/en\/disinfectant\/","url":"https:\/\/safiaderma.ca\/en\/disinfectant\/","name":"Disinfectant - Safia Derma, l\u2019Anti-microbe AM, vous aimerez sa diff\u00e9rence!","isPartOf":{"@id":"https:\/\/safiaderma.ca\/en\/#website"},"primaryImageOfPage":{"@id":"https:\/\/safiaderma.ca\/en\/disinfectant\/#primaryimage"},"image":{"@id":"https:\/\/safiaderma.ca\/en\/disinfectant\/#primaryimage"},"thumbnailUrl":"https:\/\/safiaderma.ca\/wp-content\/uploads\/2019\/05\/assainisseur550.jpg","datePublished":"2019-07-25T22:52:17+00:00","dateModified":"2021-10-22T18:39:33+00:00","description":"Le temps des assainisseurs \u00e0 base d\u2019alcool est termin\u00e9. Non seulement le d\u00e9sinfectant liquide AM a prouv\u00e9 son efficacit\u00e9, mais il maintient l\u2019hydratation.","breadcrumb":{"@id":"https:\/\/safiaderma.ca\/en\/disinfectant\/#breadcrumb"},"inLanguage":"en-US","potentialAction":[{"@type":"ReadAction","target":["https:\/\/safiaderma.ca\/en\/disinfectant\/"]}]},{"@type":"ImageObject","inLanguage":"en-US","@id":"https:\/\/safiaderma.ca\/en\/disinfectant\/#primaryimage","url":"https:\/\/safiaderma.ca\/wp-content\/uploads\/2019\/05\/assainisseur550.jpg","contentUrl":"https:\/\/safiaderma.ca\/wp-content\/uploads\/2019\/05\/assainisseur550.jpg","width":4800,"height":3200},{"@type":"BreadcrumbList","@id":"https:\/\/safiaderma.ca\/en\/disinfectant\/#breadcrumb","itemListElement":[{"@type":"ListItem","position":1,"name":"Accueil","item":"https:\/\/safiaderma.ca\/en\/"},{"@type":"ListItem","position":2,"name":"D\u00e9sinfectant"}]},{"@type":"WebSite","@id":"https:\/\/safiaderma.ca\/en\/#website","url":"https:\/\/safiaderma.ca\/en\/","name":"Safia Derma","description":"Pour une peau digne de vous","publisher":{"@id":"https:\/\/safiaderma.ca\/en\/#organization"},"potentialAction":[{"@type":"SearchAction","target":{"@type":"EntryPoint","urlTemplate":"https:\/\/safiaderma.ca\/en\/?s={search_term_string}"},"query-input":"required name=search_term_string"}],"inLanguage":"en-US"},{"@type":"Organization","@id":"https:\/\/safiaderma.ca\/en\/#organization","name":"Safia Derma inc","url":"https:\/\/safiaderma.ca\/en\/","logo":{"@type":"ImageObject","inLanguage":"en-US","@id":"https:\/\/safiaderma.ca\/en\/#\/schema\/logo\/image\/","url":"https:\/\/safiaderma.ca\/wp-content\/uploads\/2019\/05\/logo_safia.png","contentUrl":"https:\/\/safiaderma.ca\/wp-content\/uploads\/2019\/05\/logo_safia.png","width":3360,"height":1335,"caption":"Safia Derma inc"},"image":{"@id":"https:\/\/safiaderma.ca\/en\/#\/schema\/logo\/image\/"},"sameAs":["https:\/\/www.facebook.com\/safiaderma\/"]}]}},"_links":{"self":[{"href":"https:\/\/safiaderma.ca\/en\/wp-json\/wp\/v2\/pages\/1644","targetHints":{"allow":["GET"]}}],"collection":[{"href":"https:\/\/safiaderma.ca\/en\/wp-json\/wp\/v2\/pages"}],"about":[{"href":"https:\/\/safiaderma.ca\/en\/wp-json\/wp\/v2\/types\/page"}],"author":[{"embeddable":true,"href":"https:\/\/safiaderma.ca\/en\/wp-json\/wp\/v2\/users\/1"}],"replies":[{"embeddable":true,"href":"https:\/\/safiaderma.ca\/en\/wp-json\/wp\/v2\/comments?post=1644"}],"version-history":[{"count":5,"href":"https:\/\/safiaderma.ca\/en\/wp-json\/wp\/v2\/pages\/1644\/revisions"}],"predecessor-version":[{"id":14120,"href":"https:\/\/safiaderma.ca\/en\/wp-json\/wp\/v2\/pages\/1644\/revisions\/14120"}],"wp:featuredmedia":[{"embeddable":true,"href":"https:\/\/safiaderma.ca\/en\/wp-json\/wp\/v2\/media\/789"}],"wp:attachment":[{"href":"https:\/\/safiaderma.ca\/en\/wp-json\/wp\/v2\/media?parent=1644"}],"curies":[{"name":"wp","href":"https:\/\/api.w.org\/{rel}","templated":true}]}}