{"id":1640,"date":"2019-07-29T14:07:32","date_gmt":"2019-07-29T18:07:32","guid":{"rendered":"https:\/\/safiaderma.com\/shop\/foot-care\/"},"modified":"2020-09-30T17:07:34","modified_gmt":"2020-09-30T21:07:34","slug":"foot-care","status":"publish","type":"page","link":"https:\/\/safiaderma.ca\/en\/shop\/foot-care\/","title":{"rendered":"Foot care"},"content":{"rendered":"\n[ux_banner height=&#8221;100%&#8221; bg=&#8221;1957&#8243; bg_size=&#8221;original&#8221; bg_overlay=&#8221;rgba(0, 0, 0, 0.37)&#8221;]\n\n[text_box width=&#8221;79&#8243; position_x=&#8221;50&#8243; position_y=&#8221;50&#8243;]\n\n<h1 align=\"center\">SAF-Feet S <\/h1>\n<p>Combien de fois par ann\u00e9e lavez-vous vos chaussures?<br \/>\nCette question vous aura s\u00fbrement surprise car contrairement \u00e0 nos v\u00eatements, nous ne lavons pas nos souliers et pourtant ils re\u00e7oivent et supportent nos odeurs, nos bact\u00e9ries. <\/p>\n<p>Notre nouvel assainisseur et d\u00e9sodorisant SAF-Feet S pour les pieds avec sa formule unique permet d\u2019assainir l\u2019int\u00e9rieur de nos chaussures.<br \/>\nCette solution sans alcool peut \u00eatre utilis\u00e9e sur les jambes, les pieds, dans les chaussures, les sandales, les pantoufles, les chaussettes, et plus!<\/p>\n<p>Puisque SAF-Feet S est un compagnon parfait pour le traiter la mycose caus\u00e9e par les champignons. C&#8217;est le temps de se d\u00e9barrasser de toutes ces bact\u00e9ries emb\u00eatantes!<\/p>\n\n[\/text_box]\n\n[\/ux_banner]\n[ux_products style=&#8221;normal&#8221; columns=&#8221;1&#8243; animate=&#8221;fadeInRight&#8221; cat=&#8221;105&#8243; image_width=&#8221;40&#8243;]\n\n\n","protected":false},"excerpt":{"rendered":"<p>[ux_banner height=&#8221;100%&#8221; bg=&#8221;1957&#8243; bg_size=&#8221;original&#8221; bg_overlay=&#8221;rgba(0, 0, 0, 0.37)&#8221;] [text_box width=&#8221;79&#8243; position_x=&#8221;50&#8243; position_y=&#8221;50&#8243;] SAF-Feet S Combien de fois par ann\u00e9e lavez-vous vos chaussures? Cette question vous aura s\u00fbrement surprise car contrairement \u00e0 nos v\u00eatements, nous ne lavons pas nos souliers et [&hellip;]<\/p>\n","protected":false},"author":1,"featured_media":786,"parent":800,"menu_order":0,"comment_status":"closed","ping_status":"closed","template":"page-blank.php","meta":{"footnotes":""},"class_list":["post-1640","page","type-page","status-publish","has-post-thumbnail","hentry"],"yoast_head":"<!-- This site is optimized with the Yoast SEO plugin v22.4 - https:\/\/yoast.com\/wordpress\/plugins\/seo\/ -->\n<title>Foot care - Safia Derma<\/title>\n<meta name=\"description\" content=\"Foot care - SAF-Feet S Combien de fois par ann\u00e9e lavez-vous vos chaussures? Cette question vous aura s\u00fbrement surprise car contrairement \u00e0 nos v\u00eatements, nous ne\" \/>\n<meta name=\"robots\" content=\"index, follow, max-snippet:-1, max-image-preview:large, max-video-preview:-1\" \/>\n<link rel=\"canonical\" href=\"https:\/\/safiaderma.ca\/en\/shop\/foot-care\/\" \/>\n<meta property=\"og:locale\" content=\"en_US\" \/>\n<meta property=\"og:type\" content=\"article\" \/>\n<meta property=\"og:title\" content=\"Foot care - Safia Derma\" \/>\n<meta property=\"og:description\" content=\"Foot care - SAF-Feet S Combien de fois par ann\u00e9e lavez-vous vos chaussures? Cette question vous aura s\u00fbrement surprise car contrairement \u00e0 nos v\u00eatements, nous ne\" \/>\n<meta property=\"og:url\" content=\"https:\/\/safiaderma.ca\/en\/shop\/foot-care\/\" \/>\n<meta property=\"og:site_name\" content=\"Safia Derma\" \/>\n<meta property=\"article:publisher\" content=\"https:\/\/www.facebook.com\/safiaderma\/\" \/>\n<meta property=\"article:modified_time\" content=\"2020-09-30T21:07:34+00:00\" \/>\n<meta property=\"og:image\" content=\"https:\/\/safiaderma.ca\/wp-content\/uploads\/2019\/05\/saffeet.jpg\" \/>\n\t<meta property=\"og:image:width\" content=\"4409\" \/>\n\t<meta property=\"og:image:height\" content=\"3200\" \/>\n\t<meta property=\"og:image:type\" content=\"image\/jpeg\" \/>\n<meta name=\"twitter:card\" content=\"summary_large_image\" \/>\n<meta name=\"twitter:label1\" content=\"Est. reading time\" \/>\n\t<meta name=\"twitter:data1\" content=\"1 minute\" \/>\n<!-- \/ Yoast SEO plugin. -->","yoast_head_json":{"title":"Foot care - Safia Derma","description":"Foot care - SAF-Feet S Combien de fois par ann\u00e9e lavez-vous vos chaussures? Cette question vous aura s\u00fbrement surprise car contrairement \u00e0 nos v\u00eatements, nous ne","robots":{"index":"index","follow":"follow","max-snippet":"max-snippet:-1","max-image-preview":"max-image-preview:large","max-video-preview":"max-video-preview:-1"},"canonical":"https:\/\/safiaderma.ca\/en\/shop\/foot-care\/","og_locale":"en_US","og_type":"article","og_title":"Foot care - Safia Derma","og_description":"Foot care - SAF-Feet S Combien de fois par ann\u00e9e lavez-vous vos chaussures? Cette question vous aura s\u00fbrement surprise car contrairement \u00e0 nos v\u00eatements, nous ne","og_url":"https:\/\/safiaderma.ca\/en\/shop\/foot-care\/","og_site_name":"Safia Derma","article_publisher":"https:\/\/www.facebook.com\/safiaderma\/","article_modified_time":"2020-09-30T21:07:34+00:00","og_image":[{"width":4409,"height":3200,"url":"https:\/\/safiaderma.ca\/wp-content\/uploads\/2019\/05\/saffeet.jpg","type":"image\/jpeg"}],"twitter_card":"summary_large_image","twitter_misc":{"Est. reading time":"1 minute"},"schema":{"@context":"https:\/\/schema.org","@graph":[{"@type":"WebPage","@id":"https:\/\/safiaderma.ca\/en\/shop\/foot-care\/","url":"https:\/\/safiaderma.ca\/en\/shop\/foot-care\/","name":"Foot care - Safia Derma","isPartOf":{"@id":"https:\/\/safiaderma.ca\/en\/#website"},"primaryImageOfPage":{"@id":"https:\/\/safiaderma.ca\/en\/shop\/foot-care\/#primaryimage"},"image":{"@id":"https:\/\/safiaderma.ca\/en\/shop\/foot-care\/#primaryimage"},"thumbnailUrl":"https:\/\/safiaderma.ca\/wp-content\/uploads\/2019\/05\/saffeet.jpg","datePublished":"2019-07-29T18:07:32+00:00","dateModified":"2020-09-30T21:07:34+00:00","description":"Foot care - SAF-Feet S Combien de fois par ann\u00e9e lavez-vous vos chaussures? Cette question vous aura s\u00fbrement surprise car contrairement \u00e0 nos v\u00eatements, nous ne","breadcrumb":{"@id":"https:\/\/safiaderma.ca\/en\/shop\/foot-care\/#breadcrumb"},"inLanguage":"en-US","potentialAction":[{"@type":"ReadAction","target":["https:\/\/safiaderma.ca\/en\/shop\/foot-care\/"]}]},{"@type":"ImageObject","inLanguage":"en-US","@id":"https:\/\/safiaderma.ca\/en\/shop\/foot-care\/#primaryimage","url":"https:\/\/safiaderma.ca\/wp-content\/uploads\/2019\/05\/saffeet.jpg","contentUrl":"https:\/\/safiaderma.ca\/wp-content\/uploads\/2019\/05\/saffeet.jpg","width":4409,"height":3200},{"@type":"BreadcrumbList","@id":"https:\/\/safiaderma.ca\/en\/shop\/foot-care\/#breadcrumb","itemListElement":[{"@type":"ListItem","position":1,"name":"Accueil","item":"https:\/\/safiaderma.ca\/en\/"},{"@type":"ListItem","position":2,"name":"Shop","item":"https:\/\/safiaderma.ca\/en\/boutique\/"},{"@type":"ListItem","position":3,"name":"Foot care"}]},{"@type":"WebSite","@id":"https:\/\/safiaderma.ca\/en\/#website","url":"https:\/\/safiaderma.ca\/en\/","name":"Safia Derma","description":"Pour une peau digne de vous","publisher":{"@id":"https:\/\/safiaderma.ca\/en\/#organization"},"potentialAction":[{"@type":"SearchAction","target":{"@type":"EntryPoint","urlTemplate":"https:\/\/safiaderma.ca\/en\/?s={search_term_string}"},"query-input":"required name=search_term_string"}],"inLanguage":"en-US"},{"@type":"Organization","@id":"https:\/\/safiaderma.ca\/en\/#organization","name":"Safia Derma inc","url":"https:\/\/safiaderma.ca\/en\/","logo":{"@type":"ImageObject","inLanguage":"en-US","@id":"https:\/\/safiaderma.ca\/en\/#\/schema\/logo\/image\/","url":"https:\/\/safiaderma.ca\/wp-content\/uploads\/2019\/05\/logo_safia.png","contentUrl":"https:\/\/safiaderma.ca\/wp-content\/uploads\/2019\/05\/logo_safia.png","width":3360,"height":1335,"caption":"Safia Derma inc"},"image":{"@id":"https:\/\/safiaderma.ca\/en\/#\/schema\/logo\/image\/"},"sameAs":["https:\/\/www.facebook.com\/safiaderma\/"]}]}},"_links":{"self":[{"href":"https:\/\/safiaderma.ca\/en\/wp-json\/wp\/v2\/pages\/1640","targetHints":{"allow":["GET"]}}],"collection":[{"href":"https:\/\/safiaderma.ca\/en\/wp-json\/wp\/v2\/pages"}],"about":[{"href":"https:\/\/safiaderma.ca\/en\/wp-json\/wp\/v2\/types\/page"}],"author":[{"embeddable":true,"href":"https:\/\/safiaderma.ca\/en\/wp-json\/wp\/v2\/users\/1"}],"replies":[{"embeddable":true,"href":"https:\/\/safiaderma.ca\/en\/wp-json\/wp\/v2\/comments?post=1640"}],"version-history":[{"count":2,"href":"https:\/\/safiaderma.ca\/en\/wp-json\/wp\/v2\/pages\/1640\/revisions"}],"predecessor-version":[{"id":13048,"href":"https:\/\/safiaderma.ca\/en\/wp-json\/wp\/v2\/pages\/1640\/revisions\/13048"}],"up":[{"embeddable":true,"href":"https:\/\/safiaderma.ca\/en\/wp-json\/wp\/v2\/pages\/800"}],"wp:featuredmedia":[{"embeddable":true,"href":"https:\/\/safiaderma.ca\/en\/wp-json\/wp\/v2\/media\/786"}],"wp:attachment":[{"href":"https:\/\/safiaderma.ca\/en\/wp-json\/wp\/v2\/media?parent=1640"}],"curies":[{"name":"wp","href":"https:\/\/api.w.org\/{rel}","templated":true}]}}